{"id":598,"date":"2025-07-15T09:54:39","date_gmt":"2025-07-15T07:54:39","guid":{"rendered":"https:\/\/qempower.com\/pentru-clienti\/"},"modified":"2025-10-01T17:03:28","modified_gmt":"2025-10-01T15:03:28","slug":"pentru-clienti","status":"publish","type":"page","link":"https:\/\/qempower.com\/ro\/pentru-clienti\/","title":{"rendered":"Pentru clien\u021bi"},"content":{"rendered":"","protected":false},"excerpt":{"rendered":"","protected":false},"author":1,"featured_media":326,"parent":0,"menu_order":0,"comment_status":"closed","ping_status":"closed","template":"","meta":{"footnotes":""},"class_list":["post-598","page","type-page","status-publish","has-post-thumbnail","hentry"],"yoast_head":"<!-- This site is optimized with the Yoast SEO plugin v26.0 - https:\/\/yoast.com\/wordpress\/plugins\/seo\/ -->\n<title>Pentru clien\u021bi - Qempower<\/title>\n<meta name=\"description\" content=\"Qempower este aici pentru a v\u0103 ajuta. Ca \u0219i client, dori\u021bi oameni califica\u021bi, disponibili imediat. \u00cen\u021belegem c\u0103 termenele limit\u0103 sunt str\u00e2nse, iar calitatea este esen\u021bial\u0103.\" \/>\n<meta name=\"robots\" content=\"index, follow, max-snippet:-1, max-image-preview:large, max-video-preview:-1\" \/>\n<link rel=\"canonical\" href=\"https:\/\/qempower.com\/ro\/pentru-clienti\/\" \/>\n<meta property=\"og:locale\" content=\"ro_RO\" \/>\n<meta property=\"og:type\" content=\"article\" \/>\n<meta property=\"og:title\" content=\"Pentru clien\u021bi - Qempower\" \/>\n<meta property=\"og:description\" content=\"Qempower este aici pentru a v\u0103 ajuta. Ca \u0219i client, dori\u021bi oameni califica\u021bi, disponibili imediat. \u00cen\u021belegem c\u0103 termenele limit\u0103 sunt str\u00e2nse, iar calitatea este esen\u021bial\u0103.\" \/>\n<meta property=\"og:url\" content=\"https:\/\/qempower.com\/ro\/pentru-clienti\/\" \/>\n<meta property=\"og:site_name\" content=\"Qempower\" \/>\n<meta property=\"article:modified_time\" content=\"2025-10-01T15:03:28+00:00\" \/>\n<meta property=\"og:image\" content=\"https:\/\/qempower.com\/wp-content\/uploads\/2025\/07\/qempower-banner.jpg\" \/>\n\t<meta property=\"og:image:width\" content=\"1920\" \/>\n\t<meta property=\"og:image:height\" content=\"700\" \/>\n\t<meta property=\"og:image:type\" content=\"image\/jpeg\" \/>\n<meta name=\"twitter:card\" content=\"summary_large_image\" \/>\n<script type=\"application\/ld+json\" class=\"yoast-schema-graph\">{\"@context\":\"https:\/\/schema.org\",\"@graph\":[{\"@type\":\"WebPage\",\"@id\":\"https:\/\/qempower.com\/ro\/pentru-clienti\/\",\"url\":\"https:\/\/qempower.com\/ro\/pentru-clienti\/\",\"name\":\"Pentru clien\u021bi - Qempower\",\"isPartOf\":{\"@id\":\"https:\/\/qempower.com\/#website\"},\"primaryImageOfPage\":{\"@id\":\"https:\/\/qempower.com\/ro\/pentru-clienti\/#primaryimage\"},\"image\":{\"@id\":\"https:\/\/qempower.com\/ro\/pentru-clienti\/#primaryimage\"},\"thumbnailUrl\":\"https:\/\/qempower.com\/wp-content\/uploads\/2025\/07\/qempower-banner.jpg\",\"datePublished\":\"2025-07-15T07:54:39+00:00\",\"dateModified\":\"2025-10-01T15:03:28+00:00\",\"description\":\"Qempower este aici pentru a v\u0103 ajuta. Ca \u0219i client, dori\u021bi oameni califica\u021bi, disponibili imediat. \u00cen\u021belegem c\u0103 termenele limit\u0103 sunt str\u00e2nse, iar calitatea este esen\u021bial\u0103.\",\"breadcrumb\":{\"@id\":\"https:\/\/qempower.com\/ro\/pentru-clienti\/#breadcrumb\"},\"inLanguage\":\"ro-RO\",\"potentialAction\":[{\"@type\":\"ReadAction\",\"target\":[\"https:\/\/qempower.com\/ro\/pentru-clienti\/\"]}]},{\"@type\":\"ImageObject\",\"inLanguage\":\"ro-RO\",\"@id\":\"https:\/\/qempower.com\/ro\/pentru-clienti\/#primaryimage\",\"url\":\"https:\/\/qempower.com\/wp-content\/uploads\/2025\/07\/qempower-banner.jpg\",\"contentUrl\":\"https:\/\/qempower.com\/wp-content\/uploads\/2025\/07\/qempower-banner.jpg\",\"width\":1920,\"height\":700},{\"@type\":\"BreadcrumbList\",\"@id\":\"https:\/\/qempower.com\/ro\/pentru-clienti\/#breadcrumb\",\"itemListElement\":[{\"@type\":\"ListItem\",\"position\":1,\"name\":\"Home\",\"item\":\"https:\/\/qempower.com\/ro\/acasa\/\"},{\"@type\":\"ListItem\",\"position\":2,\"name\":\"Pentru clien\u021bi\"}]},{\"@type\":\"WebSite\",\"@id\":\"https:\/\/qempower.com\/#website\",\"url\":\"https:\/\/qempower.com\/\",\"name\":\"Qempower\",\"description\":\"Powered by people, driven by quality\",\"publisher\":{\"@id\":\"https:\/\/qempower.com\/#organization\"},\"potentialAction\":[{\"@type\":\"SearchAction\",\"target\":{\"@type\":\"EntryPoint\",\"urlTemplate\":\"https:\/\/qempower.com\/?s={search_term_string}\"},\"query-input\":{\"@type\":\"PropertyValueSpecification\",\"valueRequired\":true,\"valueName\":\"search_term_string\"}}],\"inLanguage\":\"ro-RO\"},{\"@type\":\"Organization\",\"@id\":\"https:\/\/qempower.com\/#organization\",\"name\":\"Qempower\",\"url\":\"https:\/\/qempower.com\/\",\"logo\":{\"@type\":\"ImageObject\",\"inLanguage\":\"ro-RO\",\"@id\":\"https:\/\/qempower.com\/#\/schema\/logo\/image\/\",\"url\":\"https:\/\/qempower.com\/wp-content\/uploads\/2025\/08\/Color-logo-no-background-scaled.png\",\"contentUrl\":\"https:\/\/qempower.com\/wp-content\/uploads\/2025\/08\/Color-logo-no-background-scaled.png\",\"width\":2560,\"height\":699,\"caption\":\"Qempower\"},\"image\":{\"@id\":\"https:\/\/qempower.com\/#\/schema\/logo\/image\/\"}}]}<\/script>\n<!-- \/ Yoast SEO plugin. -->","yoast_head_json":{"title":"Pentru clien\u021bi - Qempower","description":"Qempower este aici pentru a v\u0103 ajuta. Ca \u0219i client, dori\u021bi oameni califica\u021bi, disponibili imediat. \u00cen\u021belegem c\u0103 termenele limit\u0103 sunt str\u00e2nse, iar calitatea este esen\u021bial\u0103.","robots":{"index":"index","follow":"follow","max-snippet":"max-snippet:-1","max-image-preview":"max-image-preview:large","max-video-preview":"max-video-preview:-1"},"canonical":"https:\/\/qempower.com\/ro\/pentru-clienti\/","og_locale":"ro_RO","og_type":"article","og_title":"Pentru clien\u021bi - Qempower","og_description":"Qempower este aici pentru a v\u0103 ajuta. Ca \u0219i client, dori\u021bi oameni califica\u021bi, disponibili imediat. \u00cen\u021belegem c\u0103 termenele limit\u0103 sunt str\u00e2nse, iar calitatea este esen\u021bial\u0103.","og_url":"https:\/\/qempower.com\/ro\/pentru-clienti\/","og_site_name":"Qempower","article_modified_time":"2025-10-01T15:03:28+00:00","og_image":[{"width":1920,"height":700,"url":"https:\/\/qempower.com\/wp-content\/uploads\/2025\/07\/qempower-banner.jpg","type":"image\/jpeg"}],"twitter_card":"summary_large_image","schema":{"@context":"https:\/\/schema.org","@graph":[{"@type":"WebPage","@id":"https:\/\/qempower.com\/ro\/pentru-clienti\/","url":"https:\/\/qempower.com\/ro\/pentru-clienti\/","name":"Pentru clien\u021bi - Qempower","isPartOf":{"@id":"https:\/\/qempower.com\/#website"},"primaryImageOfPage":{"@id":"https:\/\/qempower.com\/ro\/pentru-clienti\/#primaryimage"},"image":{"@id":"https:\/\/qempower.com\/ro\/pentru-clienti\/#primaryimage"},"thumbnailUrl":"https:\/\/qempower.com\/wp-content\/uploads\/2025\/07\/qempower-banner.jpg","datePublished":"2025-07-15T07:54:39+00:00","dateModified":"2025-10-01T15:03:28+00:00","description":"Qempower este aici pentru a v\u0103 ajuta. Ca \u0219i client, dori\u021bi oameni califica\u021bi, disponibili imediat. \u00cen\u021belegem c\u0103 termenele limit\u0103 sunt str\u00e2nse, iar calitatea este esen\u021bial\u0103.","breadcrumb":{"@id":"https:\/\/qempower.com\/ro\/pentru-clienti\/#breadcrumb"},"inLanguage":"ro-RO","potentialAction":[{"@type":"ReadAction","target":["https:\/\/qempower.com\/ro\/pentru-clienti\/"]}]},{"@type":"ImageObject","inLanguage":"ro-RO","@id":"https:\/\/qempower.com\/ro\/pentru-clienti\/#primaryimage","url":"https:\/\/qempower.com\/wp-content\/uploads\/2025\/07\/qempower-banner.jpg","contentUrl":"https:\/\/qempower.com\/wp-content\/uploads\/2025\/07\/qempower-banner.jpg","width":1920,"height":700},{"@type":"BreadcrumbList","@id":"https:\/\/qempower.com\/ro\/pentru-clienti\/#breadcrumb","itemListElement":[{"@type":"ListItem","position":1,"name":"Home","item":"https:\/\/qempower.com\/ro\/acasa\/"},{"@type":"ListItem","position":2,"name":"Pentru clien\u021bi"}]},{"@type":"WebSite","@id":"https:\/\/qempower.com\/#website","url":"https:\/\/qempower.com\/","name":"Qempower","description":"Powered by people, driven by quality","publisher":{"@id":"https:\/\/qempower.com\/#organization"},"potentialAction":[{"@type":"SearchAction","target":{"@type":"EntryPoint","urlTemplate":"https:\/\/qempower.com\/?s={search_term_string}"},"query-input":{"@type":"PropertyValueSpecification","valueRequired":true,"valueName":"search_term_string"}}],"inLanguage":"ro-RO"},{"@type":"Organization","@id":"https:\/\/qempower.com\/#organization","name":"Qempower","url":"https:\/\/qempower.com\/","logo":{"@type":"ImageObject","inLanguage":"ro-RO","@id":"https:\/\/qempower.com\/#\/schema\/logo\/image\/","url":"https:\/\/qempower.com\/wp-content\/uploads\/2025\/08\/Color-logo-no-background-scaled.png","contentUrl":"https:\/\/qempower.com\/wp-content\/uploads\/2025\/08\/Color-logo-no-background-scaled.png","width":2560,"height":699,"caption":"Qempower"},"image":{"@id":"https:\/\/qempower.com\/#\/schema\/logo\/image\/"}}]}},"_links":{"self":[{"href":"https:\/\/qempower.com\/ro\/wp-json\/wp\/v2\/pages\/598","targetHints":{"allow":["GET"]}}],"collection":[{"href":"https:\/\/qempower.com\/ro\/wp-json\/wp\/v2\/pages"}],"about":[{"href":"https:\/\/qempower.com\/ro\/wp-json\/wp\/v2\/types\/page"}],"author":[{"embeddable":true,"href":"https:\/\/qempower.com\/ro\/wp-json\/wp\/v2\/users\/1"}],"replies":[{"embeddable":true,"href":"https:\/\/qempower.com\/ro\/wp-json\/wp\/v2\/comments?post=598"}],"version-history":[{"count":1,"href":"https:\/\/qempower.com\/ro\/wp-json\/wp\/v2\/pages\/598\/revisions"}],"predecessor-version":[{"id":940,"href":"https:\/\/qempower.com\/ro\/wp-json\/wp\/v2\/pages\/598\/revisions\/940"}],"wp:featuredmedia":[{"embeddable":true,"href":"https:\/\/qempower.com\/ro\/wp-json\/wp\/v2\/media\/326"}],"wp:attachment":[{"href":"https:\/\/qempower.com\/ro\/wp-json\/wp\/v2\/media?parent=598"}],"curies":[{"name":"wp","href":"https:\/\/api.w.org\/{rel}","templated":true}]}}