{"id":602,"date":"2025-06-25T15:57:31","date_gmt":"2025-06-25T13:57:31","guid":{"rendered":"https:\/\/qempower.com\/uslugi\/"},"modified":"2025-10-01T17:03:25","modified_gmt":"2025-10-01T15:03:25","slug":"uslugi","status":"publish","type":"page","link":"https:\/\/qempower.com\/pl\/uslugi\/","title":{"rendered":"Us\u0142ugi"},"content":{"rendered":"","protected":false},"excerpt":{"rendered":"","protected":false},"author":1,"featured_media":98,"parent":0,"menu_order":0,"comment_status":"closed","ping_status":"closed","template":"","meta":{"footnotes":""},"class_list":["post-602","page","type-page","status-publish","has-post-thumbnail","hentry"],"yoast_head":"<!-- This site is optimized with the Yoast SEO plugin v26.0 - https:\/\/yoast.com\/wordpress\/plugins\/seo\/ -->\n<title>Us\u0142ugi - Qempower<\/title>\n<meta name=\"description\" content=\"Profesjonalne wsparcie jest niezb\u0119dne. Zaufaj ekspertom, kt\u00f3rzy oddeleguj\u0105 personel techniczny do Twoich projekt\u00f3w.\" \/>\n<meta name=\"robots\" content=\"index, follow, max-snippet:-1, max-image-preview:large, max-video-preview:-1\" \/>\n<link rel=\"canonical\" href=\"https:\/\/qempower.com\/pl\/uslugi\/\" \/>\n<meta property=\"og:locale\" content=\"pl_PL\" \/>\n<meta property=\"og:type\" content=\"article\" \/>\n<meta property=\"og:title\" content=\"Us\u0142ugi - Qempower\" \/>\n<meta property=\"og:description\" content=\"Profesjonalne wsparcie jest niezb\u0119dne. Zaufaj ekspertom, kt\u00f3rzy oddeleguj\u0105 personel techniczny do Twoich projekt\u00f3w.\" \/>\n<meta property=\"og:url\" content=\"https:\/\/qempower.com\/pl\/uslugi\/\" \/>\n<meta property=\"og:site_name\" content=\"Qempower\" \/>\n<meta property=\"article:modified_time\" content=\"2025-10-01T15:03:25+00:00\" \/>\n<meta property=\"og:image\" content=\"https:\/\/qempower.com\/wp-content\/uploads\/2025\/07\/contact-scaled.jpg\" \/>\n\t<meta property=\"og:image:width\" content=\"2560\" \/>\n\t<meta property=\"og:image:height\" content=\"733\" \/>\n\t<meta property=\"og:image:type\" content=\"image\/jpeg\" \/>\n<meta name=\"twitter:card\" content=\"summary_large_image\" \/>\n<script type=\"application\/ld+json\" class=\"yoast-schema-graph\">{\"@context\":\"https:\/\/schema.org\",\"@graph\":[{\"@type\":\"WebPage\",\"@id\":\"https:\/\/qempower.com\/pl\/uslugi\/\",\"url\":\"https:\/\/qempower.com\/pl\/uslugi\/\",\"name\":\"Us\u0142ugi - Qempower\",\"isPartOf\":{\"@id\":\"https:\/\/qempower.com\/#website\"},\"primaryImageOfPage\":{\"@id\":\"https:\/\/qempower.com\/pl\/uslugi\/#primaryimage\"},\"image\":{\"@id\":\"https:\/\/qempower.com\/pl\/uslugi\/#primaryimage\"},\"thumbnailUrl\":\"https:\/\/qempower.com\/wp-content\/uploads\/2025\/07\/contact-scaled.jpg\",\"datePublished\":\"2025-06-25T13:57:31+00:00\",\"dateModified\":\"2025-10-01T15:03:25+00:00\",\"description\":\"Profesjonalne wsparcie jest niezb\u0119dne. Zaufaj ekspertom, kt\u00f3rzy oddeleguj\u0105 personel techniczny do Twoich projekt\u00f3w.\",\"breadcrumb\":{\"@id\":\"https:\/\/qempower.com\/pl\/uslugi\/#breadcrumb\"},\"inLanguage\":\"pl-PL\",\"potentialAction\":[{\"@type\":\"ReadAction\",\"target\":[\"https:\/\/qempower.com\/pl\/uslugi\/\"]}]},{\"@type\":\"ImageObject\",\"inLanguage\":\"pl-PL\",\"@id\":\"https:\/\/qempower.com\/pl\/uslugi\/#primaryimage\",\"url\":\"https:\/\/qempower.com\/wp-content\/uploads\/2025\/07\/contact-scaled.jpg\",\"contentUrl\":\"https:\/\/qempower.com\/wp-content\/uploads\/2025\/07\/contact-scaled.jpg\",\"width\":2560,\"height\":733},{\"@type\":\"BreadcrumbList\",\"@id\":\"https:\/\/qempower.com\/pl\/uslugi\/#breadcrumb\",\"itemListElement\":[{\"@type\":\"ListItem\",\"position\":1,\"name\":\"Home\",\"item\":\"https:\/\/qempower.com\/pl\/dom\/\"},{\"@type\":\"ListItem\",\"position\":2,\"name\":\"Us\u0142ugi\"}]},{\"@type\":\"WebSite\",\"@id\":\"https:\/\/qempower.com\/#website\",\"url\":\"https:\/\/qempower.com\/\",\"name\":\"Qempower\",\"description\":\"Powered by people, driven by quality\",\"publisher\":{\"@id\":\"https:\/\/qempower.com\/#organization\"},\"potentialAction\":[{\"@type\":\"SearchAction\",\"target\":{\"@type\":\"EntryPoint\",\"urlTemplate\":\"https:\/\/qempower.com\/?s={search_term_string}\"},\"query-input\":{\"@type\":\"PropertyValueSpecification\",\"valueRequired\":true,\"valueName\":\"search_term_string\"}}],\"inLanguage\":\"pl-PL\"},{\"@type\":\"Organization\",\"@id\":\"https:\/\/qempower.com\/#organization\",\"name\":\"Qempower\",\"url\":\"https:\/\/qempower.com\/\",\"logo\":{\"@type\":\"ImageObject\",\"inLanguage\":\"pl-PL\",\"@id\":\"https:\/\/qempower.com\/#\/schema\/logo\/image\/\",\"url\":\"https:\/\/qempower.com\/wp-content\/uploads\/2025\/08\/Color-logo-no-background-scaled.png\",\"contentUrl\":\"https:\/\/qempower.com\/wp-content\/uploads\/2025\/08\/Color-logo-no-background-scaled.png\",\"width\":2560,\"height\":699,\"caption\":\"Qempower\"},\"image\":{\"@id\":\"https:\/\/qempower.com\/#\/schema\/logo\/image\/\"}}]}<\/script>\n<!-- \/ Yoast SEO plugin. -->","yoast_head_json":{"title":"Us\u0142ugi - Qempower","description":"Profesjonalne wsparcie jest niezb\u0119dne. Zaufaj ekspertom, kt\u00f3rzy oddeleguj\u0105 personel techniczny do Twoich projekt\u00f3w.","robots":{"index":"index","follow":"follow","max-snippet":"max-snippet:-1","max-image-preview":"max-image-preview:large","max-video-preview":"max-video-preview:-1"},"canonical":"https:\/\/qempower.com\/pl\/uslugi\/","og_locale":"pl_PL","og_type":"article","og_title":"Us\u0142ugi - Qempower","og_description":"Profesjonalne wsparcie jest niezb\u0119dne. Zaufaj ekspertom, kt\u00f3rzy oddeleguj\u0105 personel techniczny do Twoich projekt\u00f3w.","og_url":"https:\/\/qempower.com\/pl\/uslugi\/","og_site_name":"Qempower","article_modified_time":"2025-10-01T15:03:25+00:00","og_image":[{"width":2560,"height":733,"url":"https:\/\/qempower.com\/wp-content\/uploads\/2025\/07\/contact-scaled.jpg","type":"image\/jpeg"}],"twitter_card":"summary_large_image","schema":{"@context":"https:\/\/schema.org","@graph":[{"@type":"WebPage","@id":"https:\/\/qempower.com\/pl\/uslugi\/","url":"https:\/\/qempower.com\/pl\/uslugi\/","name":"Us\u0142ugi - Qempower","isPartOf":{"@id":"https:\/\/qempower.com\/#website"},"primaryImageOfPage":{"@id":"https:\/\/qempower.com\/pl\/uslugi\/#primaryimage"},"image":{"@id":"https:\/\/qempower.com\/pl\/uslugi\/#primaryimage"},"thumbnailUrl":"https:\/\/qempower.com\/wp-content\/uploads\/2025\/07\/contact-scaled.jpg","datePublished":"2025-06-25T13:57:31+00:00","dateModified":"2025-10-01T15:03:25+00:00","description":"Profesjonalne wsparcie jest niezb\u0119dne. Zaufaj ekspertom, kt\u00f3rzy oddeleguj\u0105 personel techniczny do Twoich projekt\u00f3w.","breadcrumb":{"@id":"https:\/\/qempower.com\/pl\/uslugi\/#breadcrumb"},"inLanguage":"pl-PL","potentialAction":[{"@type":"ReadAction","target":["https:\/\/qempower.com\/pl\/uslugi\/"]}]},{"@type":"ImageObject","inLanguage":"pl-PL","@id":"https:\/\/qempower.com\/pl\/uslugi\/#primaryimage","url":"https:\/\/qempower.com\/wp-content\/uploads\/2025\/07\/contact-scaled.jpg","contentUrl":"https:\/\/qempower.com\/wp-content\/uploads\/2025\/07\/contact-scaled.jpg","width":2560,"height":733},{"@type":"BreadcrumbList","@id":"https:\/\/qempower.com\/pl\/uslugi\/#breadcrumb","itemListElement":[{"@type":"ListItem","position":1,"name":"Home","item":"https:\/\/qempower.com\/pl\/dom\/"},{"@type":"ListItem","position":2,"name":"Us\u0142ugi"}]},{"@type":"WebSite","@id":"https:\/\/qempower.com\/#website","url":"https:\/\/qempower.com\/","name":"Qempower","description":"Powered by people, driven by quality","publisher":{"@id":"https:\/\/qempower.com\/#organization"},"potentialAction":[{"@type":"SearchAction","target":{"@type":"EntryPoint","urlTemplate":"https:\/\/qempower.com\/?s={search_term_string}"},"query-input":{"@type":"PropertyValueSpecification","valueRequired":true,"valueName":"search_term_string"}}],"inLanguage":"pl-PL"},{"@type":"Organization","@id":"https:\/\/qempower.com\/#organization","name":"Qempower","url":"https:\/\/qempower.com\/","logo":{"@type":"ImageObject","inLanguage":"pl-PL","@id":"https:\/\/qempower.com\/#\/schema\/logo\/image\/","url":"https:\/\/qempower.com\/wp-content\/uploads\/2025\/08\/Color-logo-no-background-scaled.png","contentUrl":"https:\/\/qempower.com\/wp-content\/uploads\/2025\/08\/Color-logo-no-background-scaled.png","width":2560,"height":699,"caption":"Qempower"},"image":{"@id":"https:\/\/qempower.com\/#\/schema\/logo\/image\/"}}]}},"_links":{"self":[{"href":"https:\/\/qempower.com\/pl\/wp-json\/wp\/v2\/pages\/602","targetHints":{"allow":["GET"]}}],"collection":[{"href":"https:\/\/qempower.com\/pl\/wp-json\/wp\/v2\/pages"}],"about":[{"href":"https:\/\/qempower.com\/pl\/wp-json\/wp\/v2\/types\/page"}],"author":[{"embeddable":true,"href":"https:\/\/qempower.com\/pl\/wp-json\/wp\/v2\/users\/1"}],"replies":[{"embeddable":true,"href":"https:\/\/qempower.com\/pl\/wp-json\/wp\/v2\/comments?post=602"}],"version-history":[{"count":1,"href":"https:\/\/qempower.com\/pl\/wp-json\/wp\/v2\/pages\/602\/revisions"}],"predecessor-version":[{"id":933,"href":"https:\/\/qempower.com\/pl\/wp-json\/wp\/v2\/pages\/602\/revisions\/933"}],"wp:featuredmedia":[{"embeddable":true,"href":"https:\/\/qempower.com\/pl\/wp-json\/wp\/v2\/media\/98"}],"wp:attachment":[{"href":"https:\/\/qempower.com\/pl\/wp-json\/wp\/v2\/media?parent=602"}],"curies":[{"name":"wp","href":"https:\/\/api.w.org\/{rel}","templated":true}]}}