{"id":575,"date":"2025-06-25T15:57:38","date_gmt":"2025-06-25T13:57:38","guid":{"rendered":"https:\/\/qempower.com\/o-qempower\/"},"modified":"2025-10-01T17:03:23","modified_gmt":"2025-10-01T15:03:23","slug":"o-qempower","status":"publish","type":"page","link":"https:\/\/qempower.com\/pl\/o-qempower\/","title":{"rendered":"O Qempower"},"content":{"rendered":"","protected":false},"excerpt":{"rendered":"","protected":false},"author":1,"featured_media":264,"parent":0,"menu_order":0,"comment_status":"closed","ping_status":"closed","template":"","meta":{"footnotes":""},"class_list":["post-575","page","type-page","status-publish","has-post-thumbnail","hentry"],"yoast_head":"<!-- This site is optimized with the Yoast SEO plugin v26.0 - https:\/\/yoast.com\/wordpress\/plugins\/seo\/ -->\n<title>O Qempower - Qempower<\/title>\n<meta name=\"description\" content=\"Rzemios\u0142o i zaanga\u017cowanie \u2013 to w\u0142a\u015bnie reprezentuje Qempower. Firma Qempower zosta\u0142a za\u0142o\u017cona przez do\u015bwiadczonych specjalist\u00f3w z bran\u017cy technicznej, kt\u00f3rzy zrozumieli, \u017ce indywidualna obs\u0142uga i jako\u015b\u0107 robi\u0105 ogromn\u0105 r\u00f3\u017cnic\u0119.\" \/>\n<meta name=\"robots\" content=\"index, follow, max-snippet:-1, max-image-preview:large, max-video-preview:-1\" \/>\n<link rel=\"canonical\" href=\"https:\/\/qempower.com\/pl\/o-qempower\/\" \/>\n<meta property=\"og:locale\" content=\"pl_PL\" \/>\n<meta property=\"og:type\" content=\"article\" \/>\n<meta property=\"og:title\" content=\"O Qempower - Qempower\" \/>\n<meta property=\"og:description\" content=\"Rzemios\u0142o i zaanga\u017cowanie \u2013 to w\u0142a\u015bnie reprezentuje Qempower. Firma Qempower zosta\u0142a za\u0142o\u017cona przez do\u015bwiadczonych specjalist\u00f3w z bran\u017cy technicznej, kt\u00f3rzy zrozumieli, \u017ce indywidualna obs\u0142uga i jako\u015b\u0107 robi\u0105 ogromn\u0105 r\u00f3\u017cnic\u0119.\" \/>\n<meta property=\"og:url\" content=\"https:\/\/qempower.com\/pl\/o-qempower\/\" \/>\n<meta property=\"og:site_name\" content=\"Qempower\" \/>\n<meta property=\"article:modified_time\" content=\"2025-10-01T15:03:23+00:00\" \/>\n<meta property=\"og:image\" content=\"https:\/\/qempower.com\/wp-content\/uploads\/2025\/07\/open-sollicitatie.jpg\" \/>\n\t<meta property=\"og:image:width\" content=\"894\" \/>\n\t<meta property=\"og:image:height\" content=\"1092\" \/>\n\t<meta property=\"og:image:type\" content=\"image\/jpeg\" \/>\n<meta name=\"twitter:card\" content=\"summary_large_image\" \/>\n<script type=\"application\/ld+json\" class=\"yoast-schema-graph\">{\"@context\":\"https:\/\/schema.org\",\"@graph\":[{\"@type\":\"WebPage\",\"@id\":\"https:\/\/qempower.com\/pl\/o-qempower\/\",\"url\":\"https:\/\/qempower.com\/pl\/o-qempower\/\",\"name\":\"O Qempower - Qempower\",\"isPartOf\":{\"@id\":\"https:\/\/qempower.com\/#website\"},\"primaryImageOfPage\":{\"@id\":\"https:\/\/qempower.com\/pl\/o-qempower\/#primaryimage\"},\"image\":{\"@id\":\"https:\/\/qempower.com\/pl\/o-qempower\/#primaryimage\"},\"thumbnailUrl\":\"https:\/\/qempower.com\/wp-content\/uploads\/2025\/07\/open-sollicitatie.jpg\",\"datePublished\":\"2025-06-25T13:57:38+00:00\",\"dateModified\":\"2025-10-01T15:03:23+00:00\",\"description\":\"Rzemios\u0142o i zaanga\u017cowanie \u2013 to w\u0142a\u015bnie reprezentuje Qempower. Firma Qempower zosta\u0142a za\u0142o\u017cona przez do\u015bwiadczonych specjalist\u00f3w z bran\u017cy technicznej, kt\u00f3rzy zrozumieli, \u017ce indywidualna obs\u0142uga i jako\u015b\u0107 robi\u0105 ogromn\u0105 r\u00f3\u017cnic\u0119.\",\"breadcrumb\":{\"@id\":\"https:\/\/qempower.com\/pl\/o-qempower\/#breadcrumb\"},\"inLanguage\":\"pl-PL\",\"potentialAction\":[{\"@type\":\"ReadAction\",\"target\":[\"https:\/\/qempower.com\/pl\/o-qempower\/\"]}]},{\"@type\":\"ImageObject\",\"inLanguage\":\"pl-PL\",\"@id\":\"https:\/\/qempower.com\/pl\/o-qempower\/#primaryimage\",\"url\":\"https:\/\/qempower.com\/wp-content\/uploads\/2025\/07\/open-sollicitatie.jpg\",\"contentUrl\":\"https:\/\/qempower.com\/wp-content\/uploads\/2025\/07\/open-sollicitatie.jpg\",\"width\":894,\"height\":1092},{\"@type\":\"BreadcrumbList\",\"@id\":\"https:\/\/qempower.com\/pl\/o-qempower\/#breadcrumb\",\"itemListElement\":[{\"@type\":\"ListItem\",\"position\":1,\"name\":\"Home\",\"item\":\"https:\/\/qempower.com\/pl\/dom\/\"},{\"@type\":\"ListItem\",\"position\":2,\"name\":\"O Qempower\"}]},{\"@type\":\"WebSite\",\"@id\":\"https:\/\/qempower.com\/#website\",\"url\":\"https:\/\/qempower.com\/\",\"name\":\"Qempower\",\"description\":\"Powered by people, driven by quality\",\"publisher\":{\"@id\":\"https:\/\/qempower.com\/#organization\"},\"potentialAction\":[{\"@type\":\"SearchAction\",\"target\":{\"@type\":\"EntryPoint\",\"urlTemplate\":\"https:\/\/qempower.com\/?s={search_term_string}\"},\"query-input\":{\"@type\":\"PropertyValueSpecification\",\"valueRequired\":true,\"valueName\":\"search_term_string\"}}],\"inLanguage\":\"pl-PL\"},{\"@type\":\"Organization\",\"@id\":\"https:\/\/qempower.com\/#organization\",\"name\":\"Qempower\",\"url\":\"https:\/\/qempower.com\/\",\"logo\":{\"@type\":\"ImageObject\",\"inLanguage\":\"pl-PL\",\"@id\":\"https:\/\/qempower.com\/#\/schema\/logo\/image\/\",\"url\":\"https:\/\/qempower.com\/wp-content\/uploads\/2025\/08\/Color-logo-no-background-scaled.png\",\"contentUrl\":\"https:\/\/qempower.com\/wp-content\/uploads\/2025\/08\/Color-logo-no-background-scaled.png\",\"width\":2560,\"height\":699,\"caption\":\"Qempower\"},\"image\":{\"@id\":\"https:\/\/qempower.com\/#\/schema\/logo\/image\/\"}}]}<\/script>\n<!-- \/ Yoast SEO plugin. -->","yoast_head_json":{"title":"O Qempower - Qempower","description":"Rzemios\u0142o i zaanga\u017cowanie \u2013 to w\u0142a\u015bnie reprezentuje Qempower. Firma Qempower zosta\u0142a za\u0142o\u017cona przez do\u015bwiadczonych specjalist\u00f3w z bran\u017cy technicznej, kt\u00f3rzy zrozumieli, \u017ce indywidualna obs\u0142uga i jako\u015b\u0107 robi\u0105 ogromn\u0105 r\u00f3\u017cnic\u0119.","robots":{"index":"index","follow":"follow","max-snippet":"max-snippet:-1","max-image-preview":"max-image-preview:large","max-video-preview":"max-video-preview:-1"},"canonical":"https:\/\/qempower.com\/pl\/o-qempower\/","og_locale":"pl_PL","og_type":"article","og_title":"O Qempower - Qempower","og_description":"Rzemios\u0142o i zaanga\u017cowanie \u2013 to w\u0142a\u015bnie reprezentuje Qempower. Firma Qempower zosta\u0142a za\u0142o\u017cona przez do\u015bwiadczonych specjalist\u00f3w z bran\u017cy technicznej, kt\u00f3rzy zrozumieli, \u017ce indywidualna obs\u0142uga i jako\u015b\u0107 robi\u0105 ogromn\u0105 r\u00f3\u017cnic\u0119.","og_url":"https:\/\/qempower.com\/pl\/o-qempower\/","og_site_name":"Qempower","article_modified_time":"2025-10-01T15:03:23+00:00","og_image":[{"width":894,"height":1092,"url":"https:\/\/qempower.com\/wp-content\/uploads\/2025\/07\/open-sollicitatie.jpg","type":"image\/jpeg"}],"twitter_card":"summary_large_image","schema":{"@context":"https:\/\/schema.org","@graph":[{"@type":"WebPage","@id":"https:\/\/qempower.com\/pl\/o-qempower\/","url":"https:\/\/qempower.com\/pl\/o-qempower\/","name":"O Qempower - Qempower","isPartOf":{"@id":"https:\/\/qempower.com\/#website"},"primaryImageOfPage":{"@id":"https:\/\/qempower.com\/pl\/o-qempower\/#primaryimage"},"image":{"@id":"https:\/\/qempower.com\/pl\/o-qempower\/#primaryimage"},"thumbnailUrl":"https:\/\/qempower.com\/wp-content\/uploads\/2025\/07\/open-sollicitatie.jpg","datePublished":"2025-06-25T13:57:38+00:00","dateModified":"2025-10-01T15:03:23+00:00","description":"Rzemios\u0142o i zaanga\u017cowanie \u2013 to w\u0142a\u015bnie reprezentuje Qempower. Firma Qempower zosta\u0142a za\u0142o\u017cona przez do\u015bwiadczonych specjalist\u00f3w z bran\u017cy technicznej, kt\u00f3rzy zrozumieli, \u017ce indywidualna obs\u0142uga i jako\u015b\u0107 robi\u0105 ogromn\u0105 r\u00f3\u017cnic\u0119.","breadcrumb":{"@id":"https:\/\/qempower.com\/pl\/o-qempower\/#breadcrumb"},"inLanguage":"pl-PL","potentialAction":[{"@type":"ReadAction","target":["https:\/\/qempower.com\/pl\/o-qempower\/"]}]},{"@type":"ImageObject","inLanguage":"pl-PL","@id":"https:\/\/qempower.com\/pl\/o-qempower\/#primaryimage","url":"https:\/\/qempower.com\/wp-content\/uploads\/2025\/07\/open-sollicitatie.jpg","contentUrl":"https:\/\/qempower.com\/wp-content\/uploads\/2025\/07\/open-sollicitatie.jpg","width":894,"height":1092},{"@type":"BreadcrumbList","@id":"https:\/\/qempower.com\/pl\/o-qempower\/#breadcrumb","itemListElement":[{"@type":"ListItem","position":1,"name":"Home","item":"https:\/\/qempower.com\/pl\/dom\/"},{"@type":"ListItem","position":2,"name":"O Qempower"}]},{"@type":"WebSite","@id":"https:\/\/qempower.com\/#website","url":"https:\/\/qempower.com\/","name":"Qempower","description":"Powered by people, driven by quality","publisher":{"@id":"https:\/\/qempower.com\/#organization"},"potentialAction":[{"@type":"SearchAction","target":{"@type":"EntryPoint","urlTemplate":"https:\/\/qempower.com\/?s={search_term_string}"},"query-input":{"@type":"PropertyValueSpecification","valueRequired":true,"valueName":"search_term_string"}}],"inLanguage":"pl-PL"},{"@type":"Organization","@id":"https:\/\/qempower.com\/#organization","name":"Qempower","url":"https:\/\/qempower.com\/","logo":{"@type":"ImageObject","inLanguage":"pl-PL","@id":"https:\/\/qempower.com\/#\/schema\/logo\/image\/","url":"https:\/\/qempower.com\/wp-content\/uploads\/2025\/08\/Color-logo-no-background-scaled.png","contentUrl":"https:\/\/qempower.com\/wp-content\/uploads\/2025\/08\/Color-logo-no-background-scaled.png","width":2560,"height":699,"caption":"Qempower"},"image":{"@id":"https:\/\/qempower.com\/#\/schema\/logo\/image\/"}}]}},"_links":{"self":[{"href":"https:\/\/qempower.com\/pl\/wp-json\/wp\/v2\/pages\/575","targetHints":{"allow":["GET"]}}],"collection":[{"href":"https:\/\/qempower.com\/pl\/wp-json\/wp\/v2\/pages"}],"about":[{"href":"https:\/\/qempower.com\/pl\/wp-json\/wp\/v2\/types\/page"}],"author":[{"embeddable":true,"href":"https:\/\/qempower.com\/pl\/wp-json\/wp\/v2\/users\/1"}],"replies":[{"embeddable":true,"href":"https:\/\/qempower.com\/pl\/wp-json\/wp\/v2\/comments?post=575"}],"version-history":[{"count":1,"href":"https:\/\/qempower.com\/pl\/wp-json\/wp\/v2\/pages\/575\/revisions"}],"predecessor-version":[{"id":928,"href":"https:\/\/qempower.com\/pl\/wp-json\/wp\/v2\/pages\/575\/revisions\/928"}],"wp:featuredmedia":[{"embeddable":true,"href":"https:\/\/qempower.com\/pl\/wp-json\/wp\/v2\/media\/264"}],"wp:attachment":[{"href":"https:\/\/qempower.com\/pl\/wp-json\/wp\/v2\/media?parent=575"}],"curies":[{"name":"wp","href":"https:\/\/api.w.org\/{rel}","templated":true}]}}